{"id":1034,"date":"2021-08-25T16:25:34","date_gmt":"2021-08-25T16:25:34","guid":{"rendered":"https:\/\/kiseki.eu\/?post_type=product&#038;p=1034"},"modified":"2025-03-30T21:26:55","modified_gmt":"2025-03-30T21:26:55","slug":"bento-box-5-2","status":"publish","type":"product","link":"https:\/\/kiseki.eu\/en\/product\/bento-box-5-2\/","title":{"rendered":"Bento Box 5"},"content":{"rendered":"","protected":false},"excerpt":{"rendered":"<p><span style=\"font-weight: 400;\">ramen singapurski z krewetk\u0105 w cie\u015bcie \/ gyoza z kurczakiem \/\u00a0 \u0142oso\u015b, tu\u0144czyk, ma\u015blana sashimi \/ zupa miso \/ sa\u0142atka yasai<\/span><\/p>\n<p><em><span style=\"font-weight: 400;\">Sinagaporean ramen with shrimp in a dough \/ chicken gyoza \/\u00a0 salmon, tuna, butter fish sashimi \/ miso soup \/ yasai salad<\/span><\/em><\/p>\n","protected":false},"featured_media":1146,"template":"","meta":[],"product_brand":[],"product_cat":[22],"product_tag":[],"class_list":{"0":"post-1034","1":"product","2":"type-product","3":"status-publish","4":"has-post-thumbnail","6":"product_cat-bento-box","7":"entry","9":"first","10":"instock","11":"shipping-taxable","12":"purchasable","13":"product-type-simple"},"_links":{"self":[{"href":"https:\/\/kiseki.eu\/en\/wp-json\/wp\/v2\/product\/1034","targetHints":{"allow":["GET"]}}],"collection":[{"href":"https:\/\/kiseki.eu\/en\/wp-json\/wp\/v2\/product"}],"about":[{"href":"https:\/\/kiseki.eu\/en\/wp-json\/wp\/v2\/types\/product"}],"wp:featuredmedia":[{"embeddable":true,"href":"https:\/\/kiseki.eu\/en\/wp-json\/wp\/v2\/media\/1146"}],"wp:attachment":[{"href":"https:\/\/kiseki.eu\/en\/wp-json\/wp\/v2\/media?parent=1034"}],"wp:term":[{"taxonomy":"product_brand","embeddable":true,"href":"https:\/\/kiseki.eu\/en\/wp-json\/wp\/v2\/product_brand?post=1034"},{"taxonomy":"product_cat","embeddable":true,"href":"https:\/\/kiseki.eu\/en\/wp-json\/wp\/v2\/product_cat?post=1034"},{"taxonomy":"product_tag","embeddable":true,"href":"https:\/\/kiseki.eu\/en\/wp-json\/wp\/v2\/product_tag?post=1034"}],"curies":[{"name":"wp","href":"https:\/\/api.w.org\/{rel}","templated":true}]}}