{"id":682,"date":"2021-08-25T16:24:47","date_gmt":"2021-08-25T16:24:47","guid":{"rendered":"https:\/\/kiseki.eu\/?post_type=product&#038;p=682"},"modified":"2025-03-30T21:23:58","modified_gmt":"2025-03-30T21:23:58","slug":"ceviche-po-japonsku-salatka-na-ostro-z-owocow-morza","status":"publish","type":"product","link":"https:\/\/kiseki.eu\/en\/product\/ceviche-po-japonsku-salatka-na-ostro-z-owocow-morza\/","title":{"rendered":"Ceviche po japo\u0144sku &#8211; sa\u0142atka na ostro z owoc\u00f3w morza"},"content":{"rendered":"","protected":false},"excerpt":{"rendered":"<p>Japanese style ceviche &#8211; spicy seafood salad<\/p>\n","protected":false},"featured_media":712,"template":"","meta":[],"product_brand":[],"product_cat":[47,48],"product_tag":[],"class_list":{"0":"post-682","1":"product","2":"type-product","3":"status-publish","4":"has-post-thumbnail","6":"product_cat-przystawki","7":"product_cat-przystawki-na-zimno","8":"entry","10":"first","11":"instock","12":"shipping-taxable","13":"purchasable","14":"product-type-simple"},"_links":{"self":[{"href":"https:\/\/kiseki.eu\/en\/wp-json\/wp\/v2\/product\/682","targetHints":{"allow":["GET"]}}],"collection":[{"href":"https:\/\/kiseki.eu\/en\/wp-json\/wp\/v2\/product"}],"about":[{"href":"https:\/\/kiseki.eu\/en\/wp-json\/wp\/v2\/types\/product"}],"wp:featuredmedia":[{"embeddable":true,"href":"https:\/\/kiseki.eu\/en\/wp-json\/wp\/v2\/media\/712"}],"wp:attachment":[{"href":"https:\/\/kiseki.eu\/en\/wp-json\/wp\/v2\/media?parent=682"}],"wp:term":[{"taxonomy":"product_brand","embeddable":true,"href":"https:\/\/kiseki.eu\/en\/wp-json\/wp\/v2\/product_brand?post=682"},{"taxonomy":"product_cat","embeddable":true,"href":"https:\/\/kiseki.eu\/en\/wp-json\/wp\/v2\/product_cat?post=682"},{"taxonomy":"product_tag","embeddable":true,"href":"https:\/\/kiseki.eu\/en\/wp-json\/wp\/v2\/product_tag?post=682"}],"curies":[{"name":"wp","href":"https:\/\/api.w.org\/{rel}","templated":true}]}}