{"id":706,"date":"2021-08-25T16:24:48","date_gmt":"2021-08-25T16:24:48","guid":{"rendered":"https:\/\/kiseki.eu\/?post_type=product&#038;p=706"},"modified":"2025-03-30T21:29:18","modified_gmt":"2025-03-30T21:29:18","slug":"salatka-z-chrupiaca-skorka-lososia-i-awokado","status":"publish","type":"product","link":"https:\/\/kiseki.eu\/en\/product\/salatka-z-chrupiaca-skorka-lososia-i-awokado\/","title":{"rendered":"Sa\u0142atka z chrupi\u0105c\u0105 sk\u00f3rk\u0105 \u0142ososia i awokado"},"content":{"rendered":"","protected":false},"excerpt":{"rendered":"<p>Crunchy salmon skin &amp; avocado salad<\/p>\n","protected":false},"featured_media":736,"template":"","meta":[],"product_brand":[],"product_cat":[50,52],"product_tag":[],"class_list":{"0":"post-706","1":"product","2":"type-product","3":"status-publish","4":"has-post-thumbnail","6":"product_cat-menu-glowne","7":"product_cat-salaty","8":"entry","10":"first","11":"instock","12":"shipping-taxable","13":"purchasable","14":"product-type-simple"},"_links":{"self":[{"href":"https:\/\/kiseki.eu\/en\/wp-json\/wp\/v2\/product\/706","targetHints":{"allow":["GET"]}}],"collection":[{"href":"https:\/\/kiseki.eu\/en\/wp-json\/wp\/v2\/product"}],"about":[{"href":"https:\/\/kiseki.eu\/en\/wp-json\/wp\/v2\/types\/product"}],"wp:featuredmedia":[{"embeddable":true,"href":"https:\/\/kiseki.eu\/en\/wp-json\/wp\/v2\/media\/736"}],"wp:attachment":[{"href":"https:\/\/kiseki.eu\/en\/wp-json\/wp\/v2\/media?parent=706"}],"wp:term":[{"taxonomy":"product_brand","embeddable":true,"href":"https:\/\/kiseki.eu\/en\/wp-json\/wp\/v2\/product_brand?post=706"},{"taxonomy":"product_cat","embeddable":true,"href":"https:\/\/kiseki.eu\/en\/wp-json\/wp\/v2\/product_cat?post=706"},{"taxonomy":"product_tag","embeddable":true,"href":"https:\/\/kiseki.eu\/en\/wp-json\/wp\/v2\/product_tag?post=706"}],"curies":[{"name":"wp","href":"https:\/\/api.w.org\/{rel}","templated":true}]}}