{"id":708,"date":"2021-08-25T16:24:48","date_gmt":"2021-08-25T16:24:48","guid":{"rendered":"https:\/\/kiseki.eu\/?post_type=product&#038;p=708"},"modified":"2024-11-21T14:53:57","modified_gmt":"2024-11-21T14:53:57","slug":"fusion-sashimi-z-3-ryb-losos-tunczyk-seriola","status":"publish","type":"product","link":"https:\/\/kiseki.eu\/en\/product\/fusion-sashimi-z-3-ryb-losos-tunczyk-seriola\/","title":{"rendered":"Fusion sashimi z 3 ryb (\u0142oso\u015b, tu\u0144czyk, seriola)"},"content":{"rendered":"","protected":false},"excerpt":{"rendered":"<p>Fusion sashimi &#8211; 3 different fish (salmon, tuna, yellowtail)<\/p>\n","protected":false},"featured_media":738,"template":"","meta":[],"product_brand":[],"product_cat":[39,53],"product_tag":[],"class_list":{"0":"post-708","1":"product","2":"type-product","3":"status-publish","4":"has-post-thumbnail","6":"product_cat-sashimi","7":"product_cat-fusion-sashimi","8":"entry","10":"first","11":"instock","12":"shipping-taxable","13":"purchasable","14":"product-type-simple"},"_links":{"self":[{"href":"https:\/\/kiseki.eu\/en\/wp-json\/wp\/v2\/product\/708","targetHints":{"allow":["GET"]}}],"collection":[{"href":"https:\/\/kiseki.eu\/en\/wp-json\/wp\/v2\/product"}],"about":[{"href":"https:\/\/kiseki.eu\/en\/wp-json\/wp\/v2\/types\/product"}],"wp:featuredmedia":[{"embeddable":true,"href":"https:\/\/kiseki.eu\/en\/wp-json\/wp\/v2\/media\/738"}],"wp:attachment":[{"href":"https:\/\/kiseki.eu\/en\/wp-json\/wp\/v2\/media?parent=708"}],"wp:term":[{"taxonomy":"product_brand","embeddable":true,"href":"https:\/\/kiseki.eu\/en\/wp-json\/wp\/v2\/product_brand?post=708"},{"taxonomy":"product_cat","embeddable":true,"href":"https:\/\/kiseki.eu\/en\/wp-json\/wp\/v2\/product_cat?post=708"},{"taxonomy":"product_tag","embeddable":true,"href":"https:\/\/kiseki.eu\/en\/wp-json\/wp\/v2\/product_tag?post=708"}],"curies":[{"name":"wp","href":"https:\/\/api.w.org\/{rel}","templated":true}]}}