{"id":742,"date":"2021-08-25T16:24:56","date_gmt":"2021-08-25T16:24:56","guid":{"rendered":"https:\/\/kiseki.eu\/?post_type=product&#038;p=742"},"modified":"2026-01-01T13:34:26","modified_gmt":"2026-01-01T13:34:26","slug":"sashimi-z-lososia-i-tunczyka-10-plasterkow","status":"publish","type":"product","link":"https:\/\/kiseki.eu\/en\/product\/sashimi-z-lososia-i-tunczyka-10-plasterkow\/","title":{"rendered":"Sashimi z \u0142ososia i tu\u0144czyka &#8211; 10 plasterk\u00f3w"},"content":{"rendered":"","protected":false},"excerpt":{"rendered":"<p>Tuna &amp; salmon sashimi &#8211; 10 slices<\/p>\n","protected":false},"featured_media":772,"template":"","meta":[],"product_brand":[],"product_cat":[39,54],"product_tag":[],"class_list":{"0":"post-742","1":"product","2":"type-product","3":"status-publish","4":"has-post-thumbnail","6":"product_cat-sashimi","7":"product_cat-tradycyjne-sashimi","8":"entry","10":"first","11":"instock","12":"shipping-taxable","13":"purchasable","14":"product-type-simple"},"_links":{"self":[{"href":"https:\/\/kiseki.eu\/en\/wp-json\/wp\/v2\/product\/742","targetHints":{"allow":["GET"]}}],"collection":[{"href":"https:\/\/kiseki.eu\/en\/wp-json\/wp\/v2\/product"}],"about":[{"href":"https:\/\/kiseki.eu\/en\/wp-json\/wp\/v2\/types\/product"}],"wp:featuredmedia":[{"embeddable":true,"href":"https:\/\/kiseki.eu\/en\/wp-json\/wp\/v2\/media\/772"}],"wp:attachment":[{"href":"https:\/\/kiseki.eu\/en\/wp-json\/wp\/v2\/media?parent=742"}],"wp:term":[{"taxonomy":"product_brand","embeddable":true,"href":"https:\/\/kiseki.eu\/en\/wp-json\/wp\/v2\/product_brand?post=742"},{"taxonomy":"product_cat","embeddable":true,"href":"https:\/\/kiseki.eu\/en\/wp-json\/wp\/v2\/product_cat?post=742"},{"taxonomy":"product_tag","embeddable":true,"href":"https:\/\/kiseki.eu\/en\/wp-json\/wp\/v2\/product_tag?post=742"}],"curies":[{"name":"wp","href":"https:\/\/api.w.org\/{rel}","templated":true}]}}