{"id":745,"date":"2021-08-25T16:24:56","date_gmt":"2021-08-25T16:24:56","guid":{"rendered":"https:\/\/kiseki.eu\/?post_type=product&#038;p=745"},"modified":"2024-10-01T00:28:41","modified_gmt":"2024-10-01T00:28:41","slug":"sashimi-duze-21-plasterkow-7-gatunki-ryb-i-owocow-morza-po-3-plasterki","status":"publish","type":"product","link":"https:\/\/kiseki.eu\/en\/product\/sashimi-duze-21-plasterkow-7-gatunki-ryb-i-owocow-morza-po-3-plasterki\/","title":{"rendered":"Sashimi du\u017ce &#8211; 21 plasterk\u00f3w 7 gatunki ryb i owoc\u00f3w morza po 3 plasterki"},"content":{"rendered":"","protected":false},"excerpt":{"rendered":"<p>Big sashimi &#8211; 21 slices 7 different fish and seafood &#8211; 3 slices each<\/p>\n","protected":false},"featured_media":774,"template":"","meta":[],"product_brand":[],"product_cat":[39,54],"product_tag":[],"class_list":{"0":"post-745","1":"product","2":"type-product","3":"status-publish","4":"has-post-thumbnail","6":"product_cat-sashimi","7":"product_cat-tradycyjne-sashimi","8":"entry","10":"first","11":"instock","12":"shipping-taxable","13":"purchasable","14":"product-type-simple"},"_links":{"self":[{"href":"https:\/\/kiseki.eu\/en\/wp-json\/wp\/v2\/product\/745","targetHints":{"allow":["GET"]}}],"collection":[{"href":"https:\/\/kiseki.eu\/en\/wp-json\/wp\/v2\/product"}],"about":[{"href":"https:\/\/kiseki.eu\/en\/wp-json\/wp\/v2\/types\/product"}],"wp:featuredmedia":[{"embeddable":true,"href":"https:\/\/kiseki.eu\/en\/wp-json\/wp\/v2\/media\/774"}],"wp:attachment":[{"href":"https:\/\/kiseki.eu\/en\/wp-json\/wp\/v2\/media?parent=745"}],"wp:term":[{"taxonomy":"product_brand","embeddable":true,"href":"https:\/\/kiseki.eu\/en\/wp-json\/wp\/v2\/product_brand?post=745"},{"taxonomy":"product_cat","embeddable":true,"href":"https:\/\/kiseki.eu\/en\/wp-json\/wp\/v2\/product_cat?post=745"},{"taxonomy":"product_tag","embeddable":true,"href":"https:\/\/kiseki.eu\/en\/wp-json\/wp\/v2\/product_tag?post=745"}],"curies":[{"name":"wp","href":"https:\/\/api.w.org\/{rel}","templated":true}]}}