{"id":917,"date":"2021-08-25T16:25:18","date_gmt":"2021-08-25T16:25:18","guid":{"rendered":"https:\/\/kiseki.eu\/?post_type=product&#038;p=917"},"modified":"2025-03-30T21:41:48","modified_gmt":"2025-03-30T21:41:48","slug":"unagi-don-wegorz-po-japonsku-na-ryzu","status":"publish","type":"product","link":"https:\/\/kiseki.eu\/en\/product\/unagi-don-wegorz-po-japonsku-na-ryzu\/","title":{"rendered":"Unagi don &#8211; w\u0119gorz po japo\u0144sku na ry\u017cu"},"content":{"rendered":"","protected":false},"excerpt":{"rendered":"<p>Japanese style eel on rice<\/p>\n","protected":false},"featured_media":947,"template":"","meta":[],"product_brand":[],"product_cat":[50,57],"product_tag":[],"class_list":{"0":"post-917","1":"product","2":"type-product","3":"status-publish","4":"has-post-thumbnail","6":"product_cat-menu-glowne","7":"product_cat-dania-menu-glowne-2","8":"entry","10":"first","11":"instock","12":"shipping-taxable","13":"purchasable","14":"product-type-simple"},"_links":{"self":[{"href":"https:\/\/kiseki.eu\/en\/wp-json\/wp\/v2\/product\/917","targetHints":{"allow":["GET"]}}],"collection":[{"href":"https:\/\/kiseki.eu\/en\/wp-json\/wp\/v2\/product"}],"about":[{"href":"https:\/\/kiseki.eu\/en\/wp-json\/wp\/v2\/types\/product"}],"wp:featuredmedia":[{"embeddable":true,"href":"https:\/\/kiseki.eu\/en\/wp-json\/wp\/v2\/media\/947"}],"wp:attachment":[{"href":"https:\/\/kiseki.eu\/en\/wp-json\/wp\/v2\/media?parent=917"}],"wp:term":[{"taxonomy":"product_brand","embeddable":true,"href":"https:\/\/kiseki.eu\/en\/wp-json\/wp\/v2\/product_brand?post=917"},{"taxonomy":"product_cat","embeddable":true,"href":"https:\/\/kiseki.eu\/en\/wp-json\/wp\/v2\/product_cat?post=917"},{"taxonomy":"product_tag","embeddable":true,"href":"https:\/\/kiseki.eu\/en\/wp-json\/wp\/v2\/product_tag?post=917"}],"curies":[{"name":"wp","href":"https:\/\/api.w.org\/{rel}","templated":true}]}}