{"id":934,"date":"2021-08-25T16:25:18","date_gmt":"2021-08-25T16:25:18","guid":{"rendered":"https:\/\/kiseki.eu\/?post_type=product&#038;p=934"},"modified":"2026-01-01T13:32:21","modified_gmt":"2026-01-01T13:32:21","slug":"ichiban-set-17-szt-17-pcs","status":"publish","type":"product","link":"https:\/\/kiseki.eu\/en\/product\/ichiban-set-17-szt-17-pcs\/","title":{"rendered":"Ichiban set 17 szt. \/ 17 pcs"},"content":{"rendered":"","protected":false},"excerpt":{"rendered":"<p><strong>5 nigiri: tu\u0144czyk, ryba ma\u015blana, \u0142oso\u015b, dorada , omlet tamago <\/strong><br \/>\n<strong>6 maki pieczony \u0142oso\u015b<\/strong><br \/>\n<strong>3 hosomaki \u0142oso\u015b<\/strong><br \/>\n<strong>3 hosomaki og\u00f3rek<\/strong><br \/>\n<em>5 nigiri: tuna, butter fish, salmon, seaweed salad, tamago omelette<\/em><br \/>\n<em>6 baked salmon maki<\/em><br \/>\n<em>3 salmon hosomaki<\/em><br \/>\n<em>3 cucumber hosomaki<\/em><\/p>\n","protected":false},"featured_media":967,"template":"","meta":[],"product_brand":[],"product_cat":[19],"product_tag":[],"class_list":{"0":"post-934","1":"product","2":"type-product","3":"status-publish","4":"has-post-thumbnail","6":"product_cat-zestawy-sushi","7":"entry","9":"first","10":"instock","11":"shipping-taxable","12":"purchasable","13":"product-type-simple"},"_links":{"self":[{"href":"https:\/\/kiseki.eu\/en\/wp-json\/wp\/v2\/product\/934","targetHints":{"allow":["GET"]}}],"collection":[{"href":"https:\/\/kiseki.eu\/en\/wp-json\/wp\/v2\/product"}],"about":[{"href":"https:\/\/kiseki.eu\/en\/wp-json\/wp\/v2\/types\/product"}],"wp:featuredmedia":[{"embeddable":true,"href":"https:\/\/kiseki.eu\/en\/wp-json\/wp\/v2\/media\/967"}],"wp:attachment":[{"href":"https:\/\/kiseki.eu\/en\/wp-json\/wp\/v2\/media?parent=934"}],"wp:term":[{"taxonomy":"product_brand","embeddable":true,"href":"https:\/\/kiseki.eu\/en\/wp-json\/wp\/v2\/product_brand?post=934"},{"taxonomy":"product_cat","embeddable":true,"href":"https:\/\/kiseki.eu\/en\/wp-json\/wp\/v2\/product_cat?post=934"},{"taxonomy":"product_tag","embeddable":true,"href":"https:\/\/kiseki.eu\/en\/wp-json\/wp\/v2\/product_tag?post=934"}],"curies":[{"name":"wp","href":"https:\/\/api.w.org\/{rel}","templated":true}]}}