{"id":938,"date":"2021-08-25T16:25:19","date_gmt":"2021-08-25T16:25:19","guid":{"rendered":"https:\/\/kiseki.eu\/?post_type=product&#038;p=938"},"modified":"2026-01-01T13:33:13","modified_gmt":"2026-01-01T13:33:13","slug":"hoso-lovers-set-24-szt-24-pcs","status":"publish","type":"product","link":"https:\/\/kiseki.eu\/en\/product\/hoso-lovers-set-24-szt-24-pcs\/","title":{"rendered":"Hoso lovers set 24 szt. \/ 24 pcs"},"content":{"rendered":"","protected":false},"excerpt":{"rendered":"<p><strong>24 hosomaki: tu\u0144czyk, \u0142oso\u015b, tykwa, awokado, oshinko, og\u00f3rek<\/strong><br \/>\n<em>24 hosomaki: tuna, salmon, gourd, avocado, oshinko, cucumber<\/em><\/p>\n","protected":false},"featured_media":971,"template":"","meta":[],"product_brand":[],"product_cat":[19],"product_tag":[],"class_list":{"0":"post-938","1":"product","2":"type-product","3":"status-publish","4":"has-post-thumbnail","6":"product_cat-zestawy-sushi","7":"entry","9":"first","10":"instock","11":"shipping-taxable","12":"purchasable","13":"product-type-simple"},"_links":{"self":[{"href":"https:\/\/kiseki.eu\/en\/wp-json\/wp\/v2\/product\/938","targetHints":{"allow":["GET"]}}],"collection":[{"href":"https:\/\/kiseki.eu\/en\/wp-json\/wp\/v2\/product"}],"about":[{"href":"https:\/\/kiseki.eu\/en\/wp-json\/wp\/v2\/types\/product"}],"wp:featuredmedia":[{"embeddable":true,"href":"https:\/\/kiseki.eu\/en\/wp-json\/wp\/v2\/media\/971"}],"wp:attachment":[{"href":"https:\/\/kiseki.eu\/en\/wp-json\/wp\/v2\/media?parent=938"}],"wp:term":[{"taxonomy":"product_brand","embeddable":true,"href":"https:\/\/kiseki.eu\/en\/wp-json\/wp\/v2\/product_brand?post=938"},{"taxonomy":"product_cat","embeddable":true,"href":"https:\/\/kiseki.eu\/en\/wp-json\/wp\/v2\/product_cat?post=938"},{"taxonomy":"product_tag","embeddable":true,"href":"https:\/\/kiseki.eu\/en\/wp-json\/wp\/v2\/product_tag?post=938"}],"curies":[{"name":"wp","href":"https:\/\/api.w.org\/{rel}","templated":true}]}}