{"id":940,"date":"2021-08-25T16:25:19","date_gmt":"2021-08-25T16:25:19","guid":{"rendered":"https:\/\/kiseki.eu\/?post_type=product&#038;p=940"},"modified":"2026-01-01T13:33:09","modified_gmt":"2026-01-01T13:33:09","slug":"kiseki-sushi-set-31-szt-31-pcs","status":"publish","type":"product","link":"https:\/\/kiseki.eu\/en\/product\/kiseki-sushi-set-31-szt-31-pcs\/","title":{"rendered":"Kiseki sushi set 31 szt. \/ 31 pcs"},"content":{"rendered":"","protected":false},"excerpt":{"rendered":"<p><strong>8 nigiri: tu\u0144czyk, ma\u015blana, \u0142oso\u015b,\u00a0omlet tamago<\/strong><br \/>\n<strong>5 California pieczony \u0142oso\u015b <\/strong><br \/>\n<strong>6 California: z \u0142ososiem i tobikko<\/strong><br \/>\n<strong>6 maki tatar z \u0142ososia w tempurze <\/strong><br \/>\n<strong>3 hosomaki \u0142oso\u015b<\/strong><br \/>\n<strong>3 hosomaki og\u00f3rek<\/strong><br \/>\n<em>8 nigiri: tuna, butter fish, salmon, tamago omelette<\/em><br \/>\n<em>5 California baked salmon<\/em><br \/>\n<em>6 California: crab stick &amp; tobikko<\/em><br \/>\n<em>6 salmon tatare tempura maki 3 salmon hosomaki<\/em><br \/>\n<em>3 cucumber hosomaki<\/em><\/p>\n","protected":false},"featured_media":973,"template":"","meta":[],"product_brand":[],"product_cat":[65,19],"product_tag":[],"class_list":{"0":"post-940","1":"product","2":"type-product","3":"status-publish","4":"has-post-thumbnail","6":"product_cat-ulubione","7":"product_cat-zestawy-sushi","8":"entry","10":"first","11":"instock","12":"shipping-taxable","13":"purchasable","14":"product-type-simple"},"_links":{"self":[{"href":"https:\/\/kiseki.eu\/en\/wp-json\/wp\/v2\/product\/940","targetHints":{"allow":["GET"]}}],"collection":[{"href":"https:\/\/kiseki.eu\/en\/wp-json\/wp\/v2\/product"}],"about":[{"href":"https:\/\/kiseki.eu\/en\/wp-json\/wp\/v2\/types\/product"}],"wp:featuredmedia":[{"embeddable":true,"href":"https:\/\/kiseki.eu\/en\/wp-json\/wp\/v2\/media\/973"}],"wp:attachment":[{"href":"https:\/\/kiseki.eu\/en\/wp-json\/wp\/v2\/media?parent=940"}],"wp:term":[{"taxonomy":"product_brand","embeddable":true,"href":"https:\/\/kiseki.eu\/en\/wp-json\/wp\/v2\/product_brand?post=940"},{"taxonomy":"product_cat","embeddable":true,"href":"https:\/\/kiseki.eu\/en\/wp-json\/wp\/v2\/product_cat?post=940"},{"taxonomy":"product_tag","embeddable":true,"href":"https:\/\/kiseki.eu\/en\/wp-json\/wp\/v2\/product_tag?post=940"}],"curies":[{"name":"wp","href":"https:\/\/api.w.org\/{rel}","templated":true}]}}