{"id":943,"date":"2021-08-25T16:25:19","date_gmt":"2021-08-25T16:25:19","guid":{"rendered":"https:\/\/kiseki.eu\/?post_type=product&#038;p=943"},"modified":"2026-01-01T13:32:46","modified_gmt":"2026-01-01T13:32:46","slug":"nakayama-set-delux-38-szt-38-pcs","status":"publish","type":"product","link":"https:\/\/kiseki.eu\/en\/product\/nakayama-set-delux-38-szt-38-pcs\/","title":{"rendered":"Nakayama set delux\u00a038 szt. \/ 38 pcs"},"content":{"rendered":"","protected":false},"excerpt":{"rendered":"<p><strong>5 California batat w tempurze<\/strong><br \/>\n<strong>6 tatar z \u0142ososia w tempurze<\/strong><br \/>\n<strong>6 maki pieczony \u0142oso\u015b<\/strong><br \/>\n<strong>6 pikantny tu\u0144czyk z porem<\/strong><br \/>\n<strong>5 California crazy maki<\/strong><br \/>\n<strong>10 sashimi: tu\u0144czyk, \u0142oso\u015b,\u00a0ma\u015blana, kalmar<\/strong><br \/>\n<em>5 California sweet potato tempura <\/em><br \/>\n<em>6 salmon tatare in tempura <\/em><br \/>\n<em>6 baked salmon<\/em><br \/>\n<em>6 spicy tuna with leek<\/em><br \/>\n<em>5 California crazy maki <\/em><br \/>\n<em>10 sashimi: tuna, salmon, butter fish, squid<\/em><\/p>\n","protected":false},"featured_media":976,"template":"","meta":[],"product_brand":[],"product_cat":[65,19],"product_tag":[],"class_list":{"0":"post-943","1":"product","2":"type-product","3":"status-publish","4":"has-post-thumbnail","6":"product_cat-ulubione","7":"product_cat-zestawy-sushi","8":"entry","10":"first","11":"instock","12":"shipping-taxable","13":"purchasable","14":"product-type-simple"},"_links":{"self":[{"href":"https:\/\/kiseki.eu\/en\/wp-json\/wp\/v2\/product\/943","targetHints":{"allow":["GET"]}}],"collection":[{"href":"https:\/\/kiseki.eu\/en\/wp-json\/wp\/v2\/product"}],"about":[{"href":"https:\/\/kiseki.eu\/en\/wp-json\/wp\/v2\/types\/product"}],"wp:featuredmedia":[{"embeddable":true,"href":"https:\/\/kiseki.eu\/en\/wp-json\/wp\/v2\/media\/976"}],"wp:attachment":[{"href":"https:\/\/kiseki.eu\/en\/wp-json\/wp\/v2\/media?parent=943"}],"wp:term":[{"taxonomy":"product_brand","embeddable":true,"href":"https:\/\/kiseki.eu\/en\/wp-json\/wp\/v2\/product_brand?post=943"},{"taxonomy":"product_cat","embeddable":true,"href":"https:\/\/kiseki.eu\/en\/wp-json\/wp\/v2\/product_cat?post=943"},{"taxonomy":"product_tag","embeddable":true,"href":"https:\/\/kiseki.eu\/en\/wp-json\/wp\/v2\/product_tag?post=943"}],"curies":[{"name":"wp","href":"https:\/\/api.w.org\/{rel}","templated":true}]}}